{"id":16007,"date":"2026-04-14T12:47:00","date_gmt":"2026-04-14T11:47:00","guid":{"rendered":"https:\/\/therustypotatoes.com\/?page_id=16007"},"modified":"2026-04-14T12:47:00","modified_gmt":"2026-04-14T11:47:00","slug":"contact-us","status":"publish","type":"page","link":"https:\/\/therustypotatoes.com\/en\/contact-us\/","title":{"rendered":"Contact us"},"content":{"rendered":"<section class=\"l-section wpb_row us_custom_315b8835 height_custom\"><div class=\"l-section-h i-cf\"><div class=\"g-cols vc_row via_grid cols_2 laptops-cols_inherit tablets-cols_inherit mobiles-cols_1 valign_middle type_default stacking_default\"><div class=\"wpb_column vc_column_container\"><div class=\"vc_column-inner\"><h2 class=\"w-text\"><span class=\"w-text-h\"><span class=\"w-text-value\">Get in touch with us!<\/span><\/span><\/h2><div class=\"w-separator size_small\"><\/div><div class=\"g-cols wpb_row via_grid cols_3 laptops-cols_inherit tablets-cols_inherit mobiles-cols_1 valign_top type_default stacking_default\" style=\"--columns-gap:3rem;\"><div class=\"wpb_column vc_column_container\"><div class=\"vc_column-inner\"><h6 class=\"w-text us_custom_4db532a6\"><span class=\"w-text-h\"><span class=\"w-text-value\">Address<\/span><\/span><\/h6><div class=\"wpb_text_column us_custom_b32a63db has_text_color\"><div class=\"wpb_wrapper\"><p><a href=\"https:\/\/www.google.com\/maps\/place\/Strada+Alszegi+157,+537250+Remetea\/@46.8085087,25.4404281,11732m\/data=!3m1!1e3!4m6!3m5!1s0x474a8c92fdf378ad:0xbd46f741b3912911!8m2!3d46.8130492!4d25.4592513!16s%2Fg%2F11pzxy0y8h?entry=ttu&amp;g_ep=EgoyMDI2MDQwOC4wIKXMDSoASAFQAw%3D%3D\" target=\"_blank\" rel=\"noopener noreferrer nofollow\">157D Alszegi Street,<br \/>\n537250 Remete,<br \/>\nHarghita County,<br \/>\nRomania<\/a><\/p>\n<\/div><\/div><\/div><\/div><div class=\"wpb_column vc_column_container\"><div class=\"vc_column-inner\"><h6 class=\"w-text us_custom_ef4f4113\"><span class=\"w-text-h\"><span class=\"w-text-value\">E-mail<\/span><\/span><\/h6><div class=\"wpb_text_column us_custom_b32a63db has_text_color\"><div class=\"wpb_wrapper\"><p><a href=\"mailto:sales@therustypotatoes.com\">sales@therustypotatoes.com<\/a><\/p>\n<\/div><\/div><\/div><\/div><div class=\"wpb_column vc_column_container\"><div class=\"vc_column-inner\"><\/div><\/div><\/div><\/div><\/div><div class=\"wpb_column vc_column_container\"><div class=\"vc_column-inner\"><div class=\"w-image us_custom_04570ec2 has_ratio align_none\"><div class=\"w-image-h\"><div style=\"padding-bottom:100%\"><\/div><img decoding=\"async\" width=\"683\" height=\"1024\" src=\"https:\/\/therustypotatoes.com\/wp-content\/uploads\/2025\/01\/0011_DSC_9340-683x1024.jpg\" class=\"attachment-large size-large\" alt=\"\" loading=\"lazy\" \/><\/div><\/div><\/div><\/div><\/div><\/div><\/section><section class=\"l-section wpb_row us_custom_e11ab399 height_auto full_height valign_center width_full\"><div class=\"l-section-h i-cf\"><div class=\"g-cols vc_row via_grid cols_1 laptops-cols_inherit tablets-cols_inherit mobiles-cols_1 valign_top type_default stacking_default\"><div class=\"wpb_column vc_column_container\"><div class=\"vc_column-inner\"><div class=\"w-map provider_google us_custom_650985bf\" id=\"us_map_1\"><div class=\"w-map-inner\"><div class=\"w-map-json\" onclick='return {&quot;address&quot;:&quot;46.81305260649472, 25.459254425737303&quot;,&quot;disableDragging&quot;:1,&quot;disableZoom&quot;:1,&quot;hideControls&quot;:1,&quot;zoom&quot;:10,&quot;markers&quot;:[{&quot;address&quot;:&quot;46.81305260649472, 25.459254425737303&quot;,&quot;html&quot;:&quot;&quot;,&quot;infowindow&quot;:0}],&quot;icon&quot;:{&quot;url&quot;:&quot;https:\\\/\\\/therustypotatoes.com\\\/wp-content\\\/uploads\\\/2025\\\/01\\\/map-marker-150x150.png&quot;,&quot;size&quot;:[80,80]},&quot;maptype&quot;:&quot;ROADMAP&quot;}'><\/div><div class=\"w-map-style-json\" onclick='return [\n  {\n    \"elementType\": \"geometry\",\n    \"stylers\": [\n      {\n        \"color\": \"#ffd0d3\"\n      }\n    ]\n  },\n  {\n    \"elementType\": \"labels.icon\",\n    \"stylers\": [\n      {\n        \"visibility\": \"off\"\n      }\n    ]\n  },\n  {\n    \"elementType\": \"labels.text.fill\",\n    \"stylers\": [\n      {\n        \"color\": \"#96262c\"\n      }\n    ]\n  },\n  {\n    \"elementType\": \"labels.text.stroke\",\n    \"stylers\": [\n      {\n        \"color\": \"#f5f5f5\"\n      }\n    ]\n  },\n  {\n    \"featureType\": \"administrative.land_parcel\",\n    \"elementType\": \"labels.text.fill\",\n    \"stylers\": [\n      {\n        \"color\": \"#96262c\"\n      }\n    ]\n  },\n  {\n    \"featureType\": \"poi\",\n    \"elementType\": \"geometry\",\n    \"stylers\": [\n      {\n        \"color\": \"#eeeeee\"\n      }\n    ]\n  },\n  {\n    \"featureType\": \"poi\",\n    \"elementType\": \"labels.text.fill\",\n    \"stylers\": [\n      {\n        \"color\": \"#96262c\"\n      }\n    ]\n  },\n  {\n    \"featureType\": \"poi.park\",\n    \"elementType\": \"geometry\",\n    \"stylers\": [\n      {\n        \"color\": \"#d08084\"\n      }\n    ]\n  },\n  {\n    \"featureType\": \"poi.park\",\n    \"elementType\": \"labels.text.fill\",\n    \"stylers\": [\n      {\n        \"color\": \"#96262c\"\n      }\n    ]\n  },\n  {\n    \"featureType\": \"road\",\n    \"elementType\": \"geometry\",\n    \"stylers\": [\n      {\n        \"color\": \"#bb7d81\"\n      }\n    ]\n  },\n  {\n    \"featureType\": \"road.arterial\",\n    \"elementType\": \"labels.text.fill\",\n    \"stylers\": [\n      {\n        \"color\": \"#96262c\"\n      }\n    ]\n  },\n  {\n    \"featureType\": \"road.highway\",\n    \"elementType\": \"geometry\",\n    \"stylers\": [\n      {\n        \"color\": \"#a54a4f\"\n      }\n    ]\n  },\n  {\n    \"featureType\": \"road.highway\",\n    \"elementType\": \"labels.text.fill\",\n    \"stylers\": [\n      {\n        \"color\": \"#bb7d81\"\n      }\n    ]\n  },\n  {\n    \"featureType\": \"road.local\",\n    \"elementType\": \"labels.text.fill\",\n    \"stylers\": [\n      {\n        \"color\": \"#96262c\"\n      }\n    ]\n  },\n  {\n    \"featureType\": \"transit.line\",\n    \"elementType\": \"geometry\",\n    \"stylers\": [\n      {\n        \"color\": \"#ab5d61\"\n      }\n    ]\n  },\n  {\n    \"featureType\": \"transit.station\",\n    \"elementType\": \"geometry\",\n    \"stylers\": [\n      {\n        \"color\": \"#ab5d61\"\n      }\n    ]\n  },\n  {\n    \"featureType\": \"water\",\n    \"elementType\": \"geometry\",\n    \"stylers\": [\n      {\n        \"color\": \"#e9a7aa\"\n      }\n    ]\n  },\n  {\n    \"featureType\": \"water\",\n    \"elementType\": \"labels.text.fill\",\n    \"stylers\": [\n      {\n        \"color\": \"#9e9e9e\"\n      }\n    ]\n  }\n]'><\/div><\/div><\/div><div class=\"g-cols wpb_row us_custom_a9677b20 map-overlay via_grid cols_1 laptops-cols_inherit tablets-cols_inherit mobiles-cols_1 valign_top type_default stacking_default\" style=\"--columns-gap:3rem;\"><div class=\"wpb_column vc_column_container\"><div class=\"vc_column-inner\"><\/div><\/div><\/div><\/div><\/div><\/div><\/div><\/section><section class=\"l-section wpb_row us_custom_5381b460 height_custom full_height valign_center\"><div class=\"l-section-h i-cf\"><div class=\"g-cols vc_row via_grid cols_1 laptops-cols_inherit tablets-cols_inherit mobiles-cols_1 valign_middle type_default stacking_default\"><div class=\"wpb_column vc_column_container\"><div class=\"vc_column-inner\"><div class=\"g-cols wpb_row us_custom_c3d73091 via_grid cols_1 laptops-cols_inherit tablets-cols_inherit mobiles-cols_1 valign_middle type_default stacking_default\" style=\"--columns-gap:3rem;\"><div class=\"wpb_column vc_column_container\"><div class=\"vc_column-inner\"><h4 class=\"w-text\"><a href=\"Contact form\" class=\"w-text-h\"><span class=\"w-text-value\">Contact form<\/span><\/a><\/h4>\n<div class=\"wpcf7 no-js us-field-style_3\" id=\"wpcf7-f5019-o1\" lang=\"hu-HU\" dir=\"ltr\" data-wpcf7-id=\"5019\">\n<div class=\"screen-reader-response\"><p role=\"status\" aria-live=\"polite\" aria-atomic=\"true\"><\/p> <ul><\/ul><\/div>\n<form action=\"\/en\/wp-json\/wp\/v2\/pages\/16007#wpcf7-f5019-o1\" method=\"post\" class=\"wpcf7-form init\" aria-label=\"Kapcsolatfelv\u00e9teli \u0171rlap\" novalidate=\"novalidate\" data-status=\"init\">\n<fieldset class=\"hidden-fields-container\"><input type=\"hidden\" name=\"_wpcf7\" value=\"5019\" \/><input type=\"hidden\" name=\"_wpcf7_version\" value=\"6.1.5\" \/><input type=\"hidden\" name=\"_wpcf7_locale\" value=\"hu_HU\" \/><input type=\"hidden\" name=\"_wpcf7_unit_tag\" value=\"wpcf7-f5019-o1\" \/><input type=\"hidden\" name=\"_wpcf7_container_post\" value=\"0\" \/><input type=\"hidden\" name=\"_wpcf7_posted_data_hash\" value=\"\" \/><input type=\"hidden\" name=\"_wpcf7dtx_version\" value=\"5.0.5\" \/><input type=\"hidden\" name=\"_wpcf7_recaptcha_response\" value=\"\" \/>\n<\/fieldset>\n<div class=\"form-row\">\n\t<p><span class=\"wpcf7-form-control-wrap\" data-name=\"select-671\"><select class=\"wpcf7-form-control wpcf7-select wpcf7-validates-as-required\" aria-required=\"true\" aria-invalid=\"false\" name=\"select-671\"><option value=\"\">- K\u00e9rj\u00fck v\u00e1lasszon egy opci\u00f3t -<\/option><option value=\"\u00c9rdekl\u0151d\u00e9s\">\u00c9rdekl\u0151d\u00e9s<\/option><option value=\"\u00c9rt\u00e9kes\u00edt\u00e9ssel kapcsolatos k\u00e9rd\u00e9s\">\u00c9rt\u00e9kes\u00edt\u00e9ssel kapcsolatos k\u00e9rd\u00e9s<\/option><\/select><\/span>\n\t<\/p>\n<\/div>\n<div class=\"form-container\">\n\t<div class=\"form-row\">\n\t\t<p><span class=\"wpcf7-form-control-wrap\" data-name=\"surname\"><input size=\"40\" maxlength=\"400\" class=\"wpcf7-form-control wpcf7-text wpcf7-validates-as-required\" aria-required=\"true\" aria-invalid=\"false\" placeholder=\"Vezet\u00e9kn\u00e9v *\" value=\"\" type=\"text\" name=\"surname\" \/><\/span>\n\t\t<\/p>\n\t<\/div>\n\t<div class=\"form-row\">\n\t\t<p><span class=\"wpcf7-form-control-wrap\" data-name=\"firstname\"><input size=\"40\" maxlength=\"400\" class=\"wpcf7-form-control wpcf7-text wpcf7-validates-as-required\" aria-required=\"true\" aria-invalid=\"false\" placeholder=\"Keresztn\u00e9v *\" value=\"\" type=\"text\" name=\"firstname\" \/><\/span>\n\t\t<\/p>\n\t<\/div>\n<\/div>\n<div class=\"form-container\">\n\t<div class=\"form-row\">\n\t\t<p><span class=\"wpcf7-form-control-wrap\" data-name=\"email\"><input size=\"40\" maxlength=\"400\" class=\"wpcf7-form-control wpcf7-email wpcf7-validates-as-required wpcf7-text wpcf7-validates-as-email\" aria-required=\"true\" aria-invalid=\"false\" placeholder=\"Email c\u00edm *\" value=\"\" type=\"email\" name=\"email\" \/><\/span>\n\t\t<\/p>\n\t<\/div>\n\t<div class=\"form-row\">\n\t\t<p><span class=\"wpcf7-form-control-wrap\" data-name=\"phone\"><input size=\"40\" maxlength=\"400\" class=\"wpcf7-form-control wpcf7-tel wpcf7-text wpcf7-validates-as-tel\" aria-invalid=\"false\" placeholder=\"Telefonsz\u00e1m\" value=\"\" type=\"tel\" name=\"phone\" \/><\/span>\n\t\t<\/p>\n\t<\/div>\n<\/div>\n<div class=\"form-row\">\n\t<p><span class=\"wpcf7-form-control-wrap\" data-name=\"note\"><textarea cols=\"10\" rows=\"6\" maxlength=\"2000\" class=\"wpcf7-form-control wpcf7-textarea\" aria-invalid=\"false\" placeholder=\"\u00dczenet\" name=\"note\"><\/textarea><\/span>\n\t<\/p>\n<\/div>\n<span class=\"wpcf7-form-control-wrap URL\" data-name=\"URL\"><input type=\"hidden\" name=\"URL\" class=\"wpcf7-form-control wpcf7-hidden wpcf7dtx wpcf7dtx-hidden\" aria-invalid=\"false\" value=\"https:\/\/therustypotatoes.com\/en\/wp-json\/wp\/v2\/pages\/16007\"><\/span>\n<p><span class=\"wpcf7-form-control-wrap\" data-name=\"altalanos\"><span class=\"wpcf7-form-control wpcf7-acceptance\"><span class=\"wpcf7-list-item\"><label><input type=\"checkbox\" name=\"altalanos\" value=\"1\" aria-invalid=\"false\" \/><span class=\"wpcf7-list-item-label\">Hozz\u00e1j\u00e1rulok, hogy a therustypotatoes.com a fenti adatlapon \u00e1ltalam megadott szem\u00e9lyes adataim \u00e9s el\u00e9rhet\u0151s\u00e9geim az \u00fczenetem megv\u00e1laszol\u00e1sa c\u00e9lj\u00e1b\u00f3l kezelje. Kijelentem, hogy az <a class=\"link\" href=\"\/hu\/adatkezelesi-tajekoztato\/\">adatkezel\u00e9si t\u00e1j\u00e9koztat\u00f3t<\/a> elolvastam \u00e9s meg\u00e9rtettem, a hozz\u00e1j\u00e1rul\u00e1som \u00f6nk\u00e9nt \u00e9s megfelel\u0151 t\u00e1j\u00e9koztat\u00e1st k\u00f6vet\u0151en adtam. <font color=\"red\">*<\/font><\/span><\/label><\/span><\/span><\/span>\n<\/p>\n<p><span class=\"wpcf7-form-control-wrap\" data-name=\"direct-marketing-acceptance\"><span class=\"wpcf7-form-control wpcf7-acceptance optional\"><span class=\"wpcf7-list-item\"><label><input type=\"checkbox\" name=\"direct-marketing-acceptance\" value=\"1\" aria-invalid=\"false\" \/><span class=\"wpcf7-list-item-label\">Szeretn\u00e9k els\u0151k k\u00f6zt \u00e9rtes\u00fclni a therustypotatoes.com k\u00fcl\u00f6nleges aj\u00e1nlatair\u00f3l \u00e9s legfrissebb h\u00edreir\u0151l. Ez\u00e9rt hozz\u00e1j\u00e1rulok ahhoz, hogy az \u00e1ltalam megadott el\u00e9rhet\u0151s\u00e9geimen (e-mail c\u00edm, telefonsz\u00e1m) t\u00e1j\u00e9koztat\u00e1st \u00e9s marketing c\u00e9l\u00fa megkeres\u00e9seket kapjak az adatkezel\u00e9si t\u00e1j\u00e9koztat\u00f3ban foglaltak szerint. Tudom\u00e1ssal b\u00edrok arr\u00f3l, hogy hozz\u00e1j\u00e1rul\u00e1som b\u00e1rmikor visszavonhat\u00f3.<\/span><\/label><\/span><\/span><\/span>\n<\/p>\n<div class=\"form-row\">\n\t<p><input class=\"wpcf7-form-control wpcf7-submit has-spinner\" type=\"submit\" value=\"K\u00fcld\u00e9s\" \/>\n\t<\/p>\n<\/div><p style=\"display: none !important;\" class=\"akismet-fields-container\" data-prefix=\"_wpcf7_ak_\"><label>&#916;<textarea name=\"_wpcf7_ak_hp_textarea\" cols=\"45\" rows=\"8\" maxlength=\"100\"><\/textarea><\/label><input type=\"hidden\" id=\"ak_js_1\" name=\"_wpcf7_ak_js\" value=\"86\"\/><script>document.getElementById( \"ak_js_1\" ).setAttribute( \"value\", ( new Date() ).getTime() );<\/script><\/p><div class=\"wpcf7-response-output\" aria-hidden=\"true\"><\/div>\n<\/form>\n<\/div>\n<\/div><\/div><\/div><\/div><\/div><\/div><\/div><\/section>\n","protected":false},"excerpt":{"rendered":"Get in touch with us!Address157D Alszegi Street, 537250 Remete, Harghita County, Romania E-mailsales@therustypotatoes.com Contact form - K\u00e9rj\u00fck v\u00e1lasszon egy opci\u00f3t -\u00c9rdekl\u0151d\u00e9s\u00c9rt\u00e9kes\u00edt\u00e9ssel kapcsolatos k\u00e9rd\u00e9s Hozz\u00e1j\u00e1rulok, hogy a therustypotatoes.com a fenti adatlapon \u00e1ltalam megadott szem\u00e9lyes adataim \u00e9s el\u00e9rhet\u0151s\u00e9geim az \u00fczenetem megv\u00e1laszol\u00e1sa c\u00e9lj\u00e1b\u00f3l kezelje. Kijelentem, hogy az adatkezel\u00e9si t\u00e1j\u00e9koztat\u00f3t elolvastam \u00e9s meg\u00e9rtettem, a hozz\u00e1j\u00e1rul\u00e1som \u00f6nk\u00e9nt \u00e9s megfelel\u0151 t\u00e1j\u00e9koztat\u00e1st...","protected":false},"author":4,"featured_media":0,"parent":0,"menu_order":0,"comment_status":"closed","ping_status":"closed","template":"","meta":{"_acf_changed":false,"footnotes":""},"class_list":["post-16007","page","type-page","status-publish","hentry"],"acf":[],"yoast_head":"<!-- This site is optimized with the Yoast SEO Premium plugin v27.2 (Yoast SEO v27.2) - https:\/\/yoast.com\/product\/yoast-seo-premium-wordpress\/ -->\n<title>Contact us - The Rusty Potatoes<\/title>\n<meta name=\"description\" content=\"Contact The Rusty Potatoes team for inquiries, collaborations, or more details about our delicious frozen fries made from local potatoes\" \/>\n<meta name=\"robots\" content=\"index, follow, max-snippet:-1, max-image-preview:large, max-video-preview:-1\" \/>\n<link rel=\"canonical\" href=\"https:\/\/therustypotatoes.com\/en\/contact-us\/\" \/>\n<meta property=\"og:locale\" content=\"en_US\" \/>\n<meta property=\"og:type\" content=\"article\" \/>\n<meta property=\"og:title\" content=\"Contact us\" \/>\n<meta property=\"og:description\" content=\"Contact The Rusty Potatoes team for inquiries, collaborations, or more details about our delicious frozen fries made from local potatoes\" \/>\n<meta property=\"og:url\" content=\"https:\/\/therustypotatoes.com\/en\/contact-us\/\" \/>\n<meta property=\"og:site_name\" content=\"The Rusty Potatoes\" \/>\n<meta property=\"article:publisher\" content=\"https:\/\/www.facebook.com\/therustypotatoes\" \/>\n<meta name=\"twitter:card\" content=\"summary_large_image\" \/>\n<meta name=\"twitter:label1\" content=\"Est. reading time\" \/>\n\t<meta name=\"twitter:data1\" content=\"1 minute\" \/>\n<script type=\"application\/ld+json\" class=\"yoast-schema-graph\">{\"@context\":\"https:\/\/schema.org\",\"@graph\":[{\"@type\":\"WebPage\",\"@id\":\"https:\/\/therustypotatoes.com\/en\/contact-us\/\",\"url\":\"https:\/\/therustypotatoes.com\/en\/contact-us\/\",\"name\":\"Contact us - The Rusty Potatoes\",\"isPartOf\":{\"@id\":\"https:\/\/therustypotatoes.com\/en\/#website\"},\"datePublished\":\"2026-04-14T11:47:00+00:00\",\"description\":\"Contact The Rusty Potatoes team for inquiries, collaborations, or more details about our delicious frozen fries made from local potatoes\",\"breadcrumb\":{\"@id\":\"https:\/\/therustypotatoes.com\/en\/contact-us\/#breadcrumb\"},\"inLanguage\":\"en-US\",\"potentialAction\":[{\"@type\":\"ReadAction\",\"target\":[\"https:\/\/therustypotatoes.com\/en\/contact-us\/\"]}]},{\"@type\":\"BreadcrumbList\",\"@id\":\"https:\/\/therustypotatoes.com\/en\/contact-us\/#breadcrumb\",\"itemListElement\":[{\"@type\":\"ListItem\",\"position\":1,\"name\":\"Home\",\"item\":\"https:\/\/therustypotatoes.com\/en\/\"},{\"@type\":\"ListItem\",\"position\":2,\"name\":\"Contact us\"}]},{\"@type\":\"WebSite\",\"@id\":\"https:\/\/therustypotatoes.com\/en\/#website\",\"url\":\"https:\/\/therustypotatoes.com\/en\/\",\"name\":\"The Rusty Potatoes\",\"description\":\"\",\"publisher\":{\"@id\":\"https:\/\/therustypotatoes.com\/en\/#organization\"},\"potentialAction\":[{\"@type\":\"SearchAction\",\"target\":{\"@type\":\"EntryPoint\",\"urlTemplate\":\"https:\/\/therustypotatoes.com\/en\/?s={search_term_string}\"},\"query-input\":{\"@type\":\"PropertyValueSpecification\",\"valueRequired\":true,\"valueName\":\"search_term_string\"}}],\"inLanguage\":\"en-US\"},{\"@type\":\"Organization\",\"@id\":\"https:\/\/therustypotatoes.com\/en\/#organization\",\"name\":\"The Rusty Potatoes\",\"url\":\"https:\/\/therustypotatoes.com\/en\/\",\"logo\":{\"@type\":\"ImageObject\",\"inLanguage\":\"en-US\",\"@id\":\"https:\/\/therustypotatoes.com\/en\/#\/schema\/logo\/image\/\",\"url\":\"https:\/\/therustypotatoes.com\/wp-content\/uploads\/2025\/01\/Asset-3-8.png\",\"contentUrl\":\"https:\/\/therustypotatoes.com\/wp-content\/uploads\/2025\/01\/Asset-3-8.png\",\"width\":491,\"height\":230,\"caption\":\"The Rusty Potatoes\"},\"image\":{\"@id\":\"https:\/\/therustypotatoes.com\/en\/#\/schema\/logo\/image\/\"},\"sameAs\":[\"https:\/\/www.facebook.com\/therustypotatoes\",\"https:\/\/www.instagram.com\/therustypotatoes.ro\/\"]}]}<\/script>\n<!-- \/ Yoast SEO Premium plugin. -->","yoast_head_json":{"title":"Contact us - The Rusty Potatoes","description":"Contact The Rusty Potatoes team for inquiries, collaborations, or more details about our delicious frozen fries made from local potatoes","robots":{"index":"index","follow":"follow","max-snippet":"max-snippet:-1","max-image-preview":"max-image-preview:large","max-video-preview":"max-video-preview:-1"},"canonical":"https:\/\/therustypotatoes.com\/en\/contact-us\/","og_locale":"en_US","og_type":"article","og_title":"Contact us","og_description":"Contact The Rusty Potatoes team for inquiries, collaborations, or more details about our delicious frozen fries made from local potatoes","og_url":"https:\/\/therustypotatoes.com\/en\/contact-us\/","og_site_name":"The Rusty Potatoes","article_publisher":"https:\/\/www.facebook.com\/therustypotatoes","twitter_card":"summary_large_image","twitter_misc":{"Est. reading time":"1 minute"},"schema":{"@context":"https:\/\/schema.org","@graph":[{"@type":"WebPage","@id":"https:\/\/therustypotatoes.com\/en\/contact-us\/","url":"https:\/\/therustypotatoes.com\/en\/contact-us\/","name":"Contact us - The Rusty Potatoes","isPartOf":{"@id":"https:\/\/therustypotatoes.com\/en\/#website"},"datePublished":"2026-04-14T11:47:00+00:00","description":"Contact The Rusty Potatoes team for inquiries, collaborations, or more details about our delicious frozen fries made from local potatoes","breadcrumb":{"@id":"https:\/\/therustypotatoes.com\/en\/contact-us\/#breadcrumb"},"inLanguage":"en-US","potentialAction":[{"@type":"ReadAction","target":["https:\/\/therustypotatoes.com\/en\/contact-us\/"]}]},{"@type":"BreadcrumbList","@id":"https:\/\/therustypotatoes.com\/en\/contact-us\/#breadcrumb","itemListElement":[{"@type":"ListItem","position":1,"name":"Home","item":"https:\/\/therustypotatoes.com\/en\/"},{"@type":"ListItem","position":2,"name":"Contact us"}]},{"@type":"WebSite","@id":"https:\/\/therustypotatoes.com\/en\/#website","url":"https:\/\/therustypotatoes.com\/en\/","name":"The Rusty Potatoes","description":"","publisher":{"@id":"https:\/\/therustypotatoes.com\/en\/#organization"},"potentialAction":[{"@type":"SearchAction","target":{"@type":"EntryPoint","urlTemplate":"https:\/\/therustypotatoes.com\/en\/?s={search_term_string}"},"query-input":{"@type":"PropertyValueSpecification","valueRequired":true,"valueName":"search_term_string"}}],"inLanguage":"en-US"},{"@type":"Organization","@id":"https:\/\/therustypotatoes.com\/en\/#organization","name":"The Rusty Potatoes","url":"https:\/\/therustypotatoes.com\/en\/","logo":{"@type":"ImageObject","inLanguage":"en-US","@id":"https:\/\/therustypotatoes.com\/en\/#\/schema\/logo\/image\/","url":"https:\/\/therustypotatoes.com\/wp-content\/uploads\/2025\/01\/Asset-3-8.png","contentUrl":"https:\/\/therustypotatoes.com\/wp-content\/uploads\/2025\/01\/Asset-3-8.png","width":491,"height":230,"caption":"The Rusty Potatoes"},"image":{"@id":"https:\/\/therustypotatoes.com\/en\/#\/schema\/logo\/image\/"},"sameAs":["https:\/\/www.facebook.com\/therustypotatoes","https:\/\/www.instagram.com\/therustypotatoes.ro\/"]}]}},"_links":{"self":[{"href":"https:\/\/therustypotatoes.com\/en\/wp-json\/wp\/v2\/pages\/16007","targetHints":{"allow":["GET"]}}],"collection":[{"href":"https:\/\/therustypotatoes.com\/en\/wp-json\/wp\/v2\/pages"}],"about":[{"href":"https:\/\/therustypotatoes.com\/en\/wp-json\/wp\/v2\/types\/page"}],"author":[{"embeddable":true,"href":"https:\/\/therustypotatoes.com\/en\/wp-json\/wp\/v2\/users\/4"}],"replies":[{"embeddable":true,"href":"https:\/\/therustypotatoes.com\/en\/wp-json\/wp\/v2\/comments?post=16007"}],"version-history":[{"count":1,"href":"https:\/\/therustypotatoes.com\/en\/wp-json\/wp\/v2\/pages\/16007\/revisions"}],"predecessor-version":[{"id":16008,"href":"https:\/\/therustypotatoes.com\/en\/wp-json\/wp\/v2\/pages\/16007\/revisions\/16008"}],"wp:attachment":[{"href":"https:\/\/therustypotatoes.com\/en\/wp-json\/wp\/v2\/media?parent=16007"}],"curies":[{"name":"wp","href":"https:\/\/api.w.org\/{rel}","templated":true}]}}