{"id":16028,"date":"2026-04-14T14:00:13","date_gmt":"2026-04-14T13:00:13","guid":{"rendered":"https:\/\/therustypotatoes.com\/?page_id=16028"},"modified":"2026-04-14T14:00:13","modified_gmt":"2026-04-14T13:00:13","slug":"our-products","status":"publish","type":"page","link":"https:\/\/therustypotatoes.com\/en\/our-products\/","title":{"rendered":"Our Products"},"content":{"rendered":"","protected":false},"excerpt":{"rendered":"","protected":false},"author":4,"featured_media":0,"parent":0,"menu_order":0,"comment_status":"closed","ping_status":"closed","template":"","meta":{"_acf_changed":false,"footnotes":""},"class_list":["post-16028","page","type-page","status-publish","hentry"],"acf":[],"yoast_head":"<!-- This site is optimized with the Yoast SEO Premium plugin v27.2 (Yoast SEO v27.2) - https:\/\/yoast.com\/product\/yoast-seo-premium-wordpress\/ -->\n<title>Our Products - V\u00e1ltozatos form\u00e1k | \u00c1lland\u00f3 min\u0151s\u00e9g | Val\u00f3di burgonya \u00edz!<\/title>\n<meta name=\"description\" content=\"A Rusty k\u00edn\u00e1lat\u00e1ban megtal\u00e1lsz Classic, Crinkle, Skinny has\u00e1bokat \u00e9s m\u00e9g Wedges burgony\u00e1t is - v\u00e1laszd a hozz\u00e1d legjobban passzol\u00f3t \u00e9s harapj r\u00e1!\" \/>\n<meta name=\"robots\" content=\"index, follow, max-snippet:-1, max-image-preview:large, max-video-preview:-1\" \/>\n<link rel=\"canonical\" href=\"https:\/\/therustypotatoes.com\/en\/our-products\/\" \/>\n<meta property=\"og:locale\" content=\"en_US\" \/>\n<meta property=\"og:type\" content=\"article\" \/>\n<meta property=\"og:title\" content=\"Our Products\" \/>\n<meta property=\"og:description\" content=\"A Rusty k\u00edn\u00e1lat\u00e1ban megtal\u00e1lsz Classic, Crinkle, Skinny has\u00e1bokat \u00e9s m\u00e9g Wedges burgony\u00e1t is - v\u00e1laszd a hozz\u00e1d legjobban passzol\u00f3t \u00e9s harapj r\u00e1!\" \/>\n<meta property=\"og:url\" content=\"https:\/\/therustypotatoes.com\/en\/our-products\/\" \/>\n<meta property=\"og:site_name\" content=\"The Rusty Potatoes\" \/>\n<meta property=\"article:publisher\" content=\"https:\/\/www.facebook.com\/therustypotatoes\" \/>\n<meta name=\"twitter:card\" content=\"summary_large_image\" \/>\n<script type=\"application\/ld+json\" class=\"yoast-schema-graph\">{\"@context\":\"https:\/\/schema.org\",\"@graph\":[{\"@type\":\"WebPage\",\"@id\":\"https:\/\/therustypotatoes.com\/en\/our-products\/\",\"url\":\"https:\/\/therustypotatoes.com\/en\/our-products\/\",\"name\":\"Our Products - V\u00e1ltozatos form\u00e1k | \u00c1lland\u00f3 min\u0151s\u00e9g | Val\u00f3di burgonya \u00edz!\",\"isPartOf\":{\"@id\":\"https:\/\/therustypotatoes.com\/en\/#website\"},\"datePublished\":\"2026-04-14T13:00:13+00:00\",\"description\":\"A Rusty k\u00edn\u00e1lat\u00e1ban megtal\u00e1lsz Classic, Crinkle, Skinny has\u00e1bokat \u00e9s m\u00e9g Wedges burgony\u00e1t is - v\u00e1laszd a hozz\u00e1d legjobban passzol\u00f3t \u00e9s harapj r\u00e1!\",\"breadcrumb\":{\"@id\":\"https:\/\/therustypotatoes.com\/en\/our-products\/#breadcrumb\"},\"inLanguage\":\"en-US\",\"potentialAction\":[{\"@type\":\"ReadAction\",\"target\":[\"https:\/\/therustypotatoes.com\/en\/our-products\/\"]}]},{\"@type\":\"BreadcrumbList\",\"@id\":\"https:\/\/therustypotatoes.com\/en\/our-products\/#breadcrumb\",\"itemListElement\":[{\"@type\":\"ListItem\",\"position\":1,\"name\":\"Home\",\"item\":\"https:\/\/therustypotatoes.com\/en\/\"},{\"@type\":\"ListItem\",\"position\":2,\"name\":\"Our Products\"}]},{\"@type\":\"WebSite\",\"@id\":\"https:\/\/therustypotatoes.com\/en\/#website\",\"url\":\"https:\/\/therustypotatoes.com\/en\/\",\"name\":\"The Rusty Potatoes\",\"description\":\"\",\"publisher\":{\"@id\":\"https:\/\/therustypotatoes.com\/en\/#organization\"},\"potentialAction\":[{\"@type\":\"SearchAction\",\"target\":{\"@type\":\"EntryPoint\",\"urlTemplate\":\"https:\/\/therustypotatoes.com\/en\/?s={search_term_string}\"},\"query-input\":{\"@type\":\"PropertyValueSpecification\",\"valueRequired\":true,\"valueName\":\"search_term_string\"}}],\"inLanguage\":\"en-US\"},{\"@type\":\"Organization\",\"@id\":\"https:\/\/therustypotatoes.com\/en\/#organization\",\"name\":\"The Rusty Potatoes\",\"url\":\"https:\/\/therustypotatoes.com\/en\/\",\"logo\":{\"@type\":\"ImageObject\",\"inLanguage\":\"en-US\",\"@id\":\"https:\/\/therustypotatoes.com\/en\/#\/schema\/logo\/image\/\",\"url\":\"https:\/\/therustypotatoes.com\/wp-content\/uploads\/2025\/01\/Asset-3-8.png\",\"contentUrl\":\"https:\/\/therustypotatoes.com\/wp-content\/uploads\/2025\/01\/Asset-3-8.png\",\"width\":491,\"height\":230,\"caption\":\"The Rusty Potatoes\"},\"image\":{\"@id\":\"https:\/\/therustypotatoes.com\/en\/#\/schema\/logo\/image\/\"},\"sameAs\":[\"https:\/\/www.facebook.com\/therustypotatoes\",\"https:\/\/www.instagram.com\/therustypotatoes.ro\/\"]}]}<\/script>\n<!-- \/ Yoast SEO Premium plugin. -->","yoast_head_json":{"title":"Our Products - V\u00e1ltozatos form\u00e1k | \u00c1lland\u00f3 min\u0151s\u00e9g | Val\u00f3di burgonya \u00edz!","description":"A Rusty k\u00edn\u00e1lat\u00e1ban megtal\u00e1lsz Classic, Crinkle, Skinny has\u00e1bokat \u00e9s m\u00e9g Wedges burgony\u00e1t is - v\u00e1laszd a hozz\u00e1d legjobban passzol\u00f3t \u00e9s harapj r\u00e1!","robots":{"index":"index","follow":"follow","max-snippet":"max-snippet:-1","max-image-preview":"max-image-preview:large","max-video-preview":"max-video-preview:-1"},"canonical":"https:\/\/therustypotatoes.com\/en\/our-products\/","og_locale":"en_US","og_type":"article","og_title":"Our Products","og_description":"A Rusty k\u00edn\u00e1lat\u00e1ban megtal\u00e1lsz Classic, Crinkle, Skinny has\u00e1bokat \u00e9s m\u00e9g Wedges burgony\u00e1t is - v\u00e1laszd a hozz\u00e1d legjobban passzol\u00f3t \u00e9s harapj r\u00e1!","og_url":"https:\/\/therustypotatoes.com\/en\/our-products\/","og_site_name":"The Rusty Potatoes","article_publisher":"https:\/\/www.facebook.com\/therustypotatoes","twitter_card":"summary_large_image","schema":{"@context":"https:\/\/schema.org","@graph":[{"@type":"WebPage","@id":"https:\/\/therustypotatoes.com\/en\/our-products\/","url":"https:\/\/therustypotatoes.com\/en\/our-products\/","name":"Our Products - V\u00e1ltozatos form\u00e1k | \u00c1lland\u00f3 min\u0151s\u00e9g | Val\u00f3di burgonya \u00edz!","isPartOf":{"@id":"https:\/\/therustypotatoes.com\/en\/#website"},"datePublished":"2026-04-14T13:00:13+00:00","description":"A Rusty k\u00edn\u00e1lat\u00e1ban megtal\u00e1lsz Classic, Crinkle, Skinny has\u00e1bokat \u00e9s m\u00e9g Wedges burgony\u00e1t is - v\u00e1laszd a hozz\u00e1d legjobban passzol\u00f3t \u00e9s harapj r\u00e1!","breadcrumb":{"@id":"https:\/\/therustypotatoes.com\/en\/our-products\/#breadcrumb"},"inLanguage":"en-US","potentialAction":[{"@type":"ReadAction","target":["https:\/\/therustypotatoes.com\/en\/our-products\/"]}]},{"@type":"BreadcrumbList","@id":"https:\/\/therustypotatoes.com\/en\/our-products\/#breadcrumb","itemListElement":[{"@type":"ListItem","position":1,"name":"Home","item":"https:\/\/therustypotatoes.com\/en\/"},{"@type":"ListItem","position":2,"name":"Our Products"}]},{"@type":"WebSite","@id":"https:\/\/therustypotatoes.com\/en\/#website","url":"https:\/\/therustypotatoes.com\/en\/","name":"The Rusty Potatoes","description":"","publisher":{"@id":"https:\/\/therustypotatoes.com\/en\/#organization"},"potentialAction":[{"@type":"SearchAction","target":{"@type":"EntryPoint","urlTemplate":"https:\/\/therustypotatoes.com\/en\/?s={search_term_string}"},"query-input":{"@type":"PropertyValueSpecification","valueRequired":true,"valueName":"search_term_string"}}],"inLanguage":"en-US"},{"@type":"Organization","@id":"https:\/\/therustypotatoes.com\/en\/#organization","name":"The Rusty Potatoes","url":"https:\/\/therustypotatoes.com\/en\/","logo":{"@type":"ImageObject","inLanguage":"en-US","@id":"https:\/\/therustypotatoes.com\/en\/#\/schema\/logo\/image\/","url":"https:\/\/therustypotatoes.com\/wp-content\/uploads\/2025\/01\/Asset-3-8.png","contentUrl":"https:\/\/therustypotatoes.com\/wp-content\/uploads\/2025\/01\/Asset-3-8.png","width":491,"height":230,"caption":"The Rusty Potatoes"},"image":{"@id":"https:\/\/therustypotatoes.com\/en\/#\/schema\/logo\/image\/"},"sameAs":["https:\/\/www.facebook.com\/therustypotatoes","https:\/\/www.instagram.com\/therustypotatoes.ro\/"]}]}},"_links":{"self":[{"href":"https:\/\/therustypotatoes.com\/en\/wp-json\/wp\/v2\/pages\/16028","targetHints":{"allow":["GET"]}}],"collection":[{"href":"https:\/\/therustypotatoes.com\/en\/wp-json\/wp\/v2\/pages"}],"about":[{"href":"https:\/\/therustypotatoes.com\/en\/wp-json\/wp\/v2\/types\/page"}],"author":[{"embeddable":true,"href":"https:\/\/therustypotatoes.com\/en\/wp-json\/wp\/v2\/users\/4"}],"replies":[{"embeddable":true,"href":"https:\/\/therustypotatoes.com\/en\/wp-json\/wp\/v2\/comments?post=16028"}],"version-history":[{"count":1,"href":"https:\/\/therustypotatoes.com\/en\/wp-json\/wp\/v2\/pages\/16028\/revisions"}],"predecessor-version":[{"id":16029,"href":"https:\/\/therustypotatoes.com\/en\/wp-json\/wp\/v2\/pages\/16028\/revisions\/16029"}],"wp:attachment":[{"href":"https:\/\/therustypotatoes.com\/en\/wp-json\/wp\/v2\/media?parent=16028"}],"curies":[{"name":"wp","href":"https:\/\/api.w.org\/{rel}","templated":true}]}}