{"id":5021,"date":"2025-01-20T10:49:24","date_gmt":"2025-01-20T10:49:24","guid":{"rendered":"https:\/\/therustypotatoes.com\/?page_id=5021"},"modified":"2025-02-05T11:39:29","modified_gmt":"2025-02-05T11:39:29","slug":"404-2","status":"publish","type":"page","link":"https:\/\/therustypotatoes.com\/hu\/404-2\/","title":{"rendered":"404"},"content":{"rendered":"<section class=\"l-section wpb_row height_auto full_height valign_center with_img\"><div class=\"l-section-img\" role=\"img\" aria-label=\"K\u00e9p\" data-img-width=\"1920\" data-img-height=\"1080\" style=\"background-image: url(https:\/\/therustypotatoes.com\/wp-content\/uploads\/2025\/01\/404_.jpg);background-repeat: no-repeat;\"><\/div><div class=\"l-section-h i-cf\"><div class=\"g-cols vc_row via_grid cols_1-4-1 laptops-cols_inherit tablets-cols_inherit mobiles-cols_1 valign_top type_default stacking_default\"><div class=\"wpb_column vc_column_container\"><div class=\"vc_column-inner\"><\/div><\/div><div class=\"wpb_column vc_column_container\"><div class=\"vc_column-inner\"><h1 class=\"w-text us_custom_747ac4c8\"><span class=\"w-text-h\"><span class=\"w-text-value\">404<\/span><\/span><\/h1><p class=\"w-text us_custom_81f2d835\"><span class=\"w-text-h\"><span class=\"w-text-value\">A keresett oldal nem tal\u00e1lhat\u00f3.<\/span><\/span><\/p><div class=\"w-btn-wrapper align_center\"><a class=\"w-btn us-btn-style_5 us_custom_cdf14ffd\" href=\"\/\"><span class=\"w-btn-label\">Vissza a f\u0151oldalra<\/span><\/a><\/div><\/div><\/div><div class=\"wpb_column vc_column_container\"><div class=\"vc_column-inner\"><\/div><\/div><\/div><\/div><\/section>\n","protected":false},"excerpt":{"rendered":"404A keresett oldal nem tal\u00e1lhat\u00f3.Vissza a f\u0151oldalra","protected":false},"author":1,"featured_media":0,"parent":0,"menu_order":0,"comment_status":"closed","ping_status":"closed","template":"","meta":{"_acf_changed":false,"footnotes":""},"class_list":["post-5021","page","type-page","status-publish","hentry"],"acf":[],"yoast_head":"<!-- This site is optimized with the Yoast SEO Premium plugin v27.2 (Yoast SEO v27.2) - https:\/\/yoast.com\/product\/yoast-seo-premium-wordpress\/ -->\n<title>404 - The Rusty Potatoes<\/title>\n<meta name=\"robots\" content=\"noindex, nofollow\" \/>\n<meta property=\"og:locale\" content=\"hu_HU\" \/>\n<meta property=\"og:type\" content=\"article\" \/>\n<meta property=\"og:title\" content=\"404\" \/>\n<meta property=\"og:url\" content=\"https:\/\/therustypotatoes.com\/hu\/404-2\/\" \/>\n<meta property=\"og:site_name\" content=\"The Rusty Potatoes\" \/>\n<meta property=\"article:publisher\" content=\"https:\/\/www.facebook.com\/therustypotatoes\" \/>\n<meta property=\"article:modified_time\" content=\"2025-02-05T11:39:29+00:00\" \/>\n<meta name=\"twitter:card\" content=\"summary_large_image\" \/>\n<meta name=\"twitter:label1\" content=\"Becs\u00fclt olvas\u00e1si id\u0151\" \/>\n\t<meta name=\"twitter:data1\" content=\"1 perc\" \/>\n<script type=\"application\/ld+json\" class=\"yoast-schema-graph\">{\"@context\":\"https:\/\/schema.org\",\"@graph\":[{\"@type\":\"WebPage\",\"@id\":\"https:\/\/therustypotatoes.com\/hu\/404-2\/\",\"url\":\"https:\/\/therustypotatoes.com\/hu\/404-2\/\",\"name\":\"404 - The Rusty Potatoes\",\"isPartOf\":{\"@id\":\"https:\/\/therustypotatoes.com\/hu\/#website\"},\"datePublished\":\"2025-01-20T10:49:24+00:00\",\"dateModified\":\"2025-02-05T11:39:29+00:00\",\"breadcrumb\":{\"@id\":\"https:\/\/therustypotatoes.com\/hu\/404-2\/#breadcrumb\"},\"inLanguage\":\"hu\",\"potentialAction\":[{\"@type\":\"ReadAction\",\"target\":[\"https:\/\/therustypotatoes.com\/hu\/404-2\/\"]}]},{\"@type\":\"BreadcrumbList\",\"@id\":\"https:\/\/therustypotatoes.com\/hu\/404-2\/#breadcrumb\",\"itemListElement\":[{\"@type\":\"ListItem\",\"position\":1,\"name\":\"Home\",\"item\":\"https:\/\/therustypotatoes.com\/hu\/\"},{\"@type\":\"ListItem\",\"position\":2,\"name\":\"404\"}]},{\"@type\":\"WebSite\",\"@id\":\"https:\/\/therustypotatoes.com\/hu\/#website\",\"url\":\"https:\/\/therustypotatoes.com\/hu\/\",\"name\":\"The Rusty Potatoes\",\"description\":\"\",\"publisher\":{\"@id\":\"https:\/\/therustypotatoes.com\/hu\/#organization\"},\"potentialAction\":[{\"@type\":\"SearchAction\",\"target\":{\"@type\":\"EntryPoint\",\"urlTemplate\":\"https:\/\/therustypotatoes.com\/hu\/?s={search_term_string}\"},\"query-input\":{\"@type\":\"PropertyValueSpecification\",\"valueRequired\":true,\"valueName\":\"search_term_string\"}}],\"inLanguage\":\"hu\"},{\"@type\":\"Organization\",\"@id\":\"https:\/\/therustypotatoes.com\/hu\/#organization\",\"name\":\"The Rusty Potatoes\",\"url\":\"https:\/\/therustypotatoes.com\/hu\/\",\"logo\":{\"@type\":\"ImageObject\",\"inLanguage\":\"hu\",\"@id\":\"https:\/\/therustypotatoes.com\/hu\/#\/schema\/logo\/image\/\",\"url\":\"https:\/\/therustypotatoes.com\/wp-content\/uploads\/2025\/01\/Asset-3-8.png\",\"contentUrl\":\"https:\/\/therustypotatoes.com\/wp-content\/uploads\/2025\/01\/Asset-3-8.png\",\"width\":491,\"height\":230,\"caption\":\"The Rusty Potatoes\"},\"image\":{\"@id\":\"https:\/\/therustypotatoes.com\/hu\/#\/schema\/logo\/image\/\"},\"sameAs\":[\"https:\/\/www.facebook.com\/therustypotatoes\",\"https:\/\/www.instagram.com\/therustypotatoes.ro\/\"]}]}<\/script>\n<!-- \/ Yoast SEO Premium plugin. -->","yoast_head_json":{"title":"404 - The Rusty Potatoes","robots":{"index":"noindex","follow":"nofollow"},"og_locale":"hu_HU","og_type":"article","og_title":"404","og_url":"https:\/\/therustypotatoes.com\/hu\/404-2\/","og_site_name":"The Rusty Potatoes","article_publisher":"https:\/\/www.facebook.com\/therustypotatoes","article_modified_time":"2025-02-05T11:39:29+00:00","twitter_card":"summary_large_image","twitter_misc":{"Becs\u00fclt olvas\u00e1si id\u0151":"1 perc"},"schema":{"@context":"https:\/\/schema.org","@graph":[{"@type":"WebPage","@id":"https:\/\/therustypotatoes.com\/hu\/404-2\/","url":"https:\/\/therustypotatoes.com\/hu\/404-2\/","name":"404 - The Rusty Potatoes","isPartOf":{"@id":"https:\/\/therustypotatoes.com\/hu\/#website"},"datePublished":"2025-01-20T10:49:24+00:00","dateModified":"2025-02-05T11:39:29+00:00","breadcrumb":{"@id":"https:\/\/therustypotatoes.com\/hu\/404-2\/#breadcrumb"},"inLanguage":"hu","potentialAction":[{"@type":"ReadAction","target":["https:\/\/therustypotatoes.com\/hu\/404-2\/"]}]},{"@type":"BreadcrumbList","@id":"https:\/\/therustypotatoes.com\/hu\/404-2\/#breadcrumb","itemListElement":[{"@type":"ListItem","position":1,"name":"Home","item":"https:\/\/therustypotatoes.com\/hu\/"},{"@type":"ListItem","position":2,"name":"404"}]},{"@type":"WebSite","@id":"https:\/\/therustypotatoes.com\/hu\/#website","url":"https:\/\/therustypotatoes.com\/hu\/","name":"The Rusty Potatoes","description":"","publisher":{"@id":"https:\/\/therustypotatoes.com\/hu\/#organization"},"potentialAction":[{"@type":"SearchAction","target":{"@type":"EntryPoint","urlTemplate":"https:\/\/therustypotatoes.com\/hu\/?s={search_term_string}"},"query-input":{"@type":"PropertyValueSpecification","valueRequired":true,"valueName":"search_term_string"}}],"inLanguage":"hu"},{"@type":"Organization","@id":"https:\/\/therustypotatoes.com\/hu\/#organization","name":"The Rusty Potatoes","url":"https:\/\/therustypotatoes.com\/hu\/","logo":{"@type":"ImageObject","inLanguage":"hu","@id":"https:\/\/therustypotatoes.com\/hu\/#\/schema\/logo\/image\/","url":"https:\/\/therustypotatoes.com\/wp-content\/uploads\/2025\/01\/Asset-3-8.png","contentUrl":"https:\/\/therustypotatoes.com\/wp-content\/uploads\/2025\/01\/Asset-3-8.png","width":491,"height":230,"caption":"The Rusty Potatoes"},"image":{"@id":"https:\/\/therustypotatoes.com\/hu\/#\/schema\/logo\/image\/"},"sameAs":["https:\/\/www.facebook.com\/therustypotatoes","https:\/\/www.instagram.com\/therustypotatoes.ro\/"]}]}},"_links":{"self":[{"href":"https:\/\/therustypotatoes.com\/hu\/wp-json\/wp\/v2\/pages\/5021","targetHints":{"allow":["GET"]}}],"collection":[{"href":"https:\/\/therustypotatoes.com\/hu\/wp-json\/wp\/v2\/pages"}],"about":[{"href":"https:\/\/therustypotatoes.com\/hu\/wp-json\/wp\/v2\/types\/page"}],"author":[{"embeddable":true,"href":"https:\/\/therustypotatoes.com\/hu\/wp-json\/wp\/v2\/users\/1"}],"replies":[{"embeddable":true,"href":"https:\/\/therustypotatoes.com\/hu\/wp-json\/wp\/v2\/comments?post=5021"}],"version-history":[{"count":5,"href":"https:\/\/therustypotatoes.com\/hu\/wp-json\/wp\/v2\/pages\/5021\/revisions"}],"predecessor-version":[{"id":5031,"href":"https:\/\/therustypotatoes.com\/hu\/wp-json\/wp\/v2\/pages\/5021\/revisions\/5031"}],"wp:attachment":[{"href":"https:\/\/therustypotatoes.com\/hu\/wp-json\/wp\/v2\/media?parent=5021"}],"curies":[{"name":"wp","href":"https:\/\/api.w.org\/{rel}","templated":true}]}}