{"id":5066,"date":"2025-01-20T12:10:57","date_gmt":"2025-01-20T12:10:57","guid":{"rendered":"https:\/\/therustypotatoes.com\/?page_id=5066"},"modified":"2025-01-20T12:10:57","modified_gmt":"2025-01-20T12:10:57","slug":"impresszum","status":"publish","type":"page","link":"https:\/\/therustypotatoes.com\/hu\/impresszum\/","title":{"rendered":"Impresszum"},"content":{"rendered":"<section class=\"l-section wpb_row us_custom_e11ab399 height_custom\"><div class=\"l-section-h i-cf\"><div class=\"g-cols vc_row via_grid cols_1 laptops-cols_inherit tablets-cols_inherit mobiles-cols_1 valign_top type_default stacking_default\"><div class=\"wpb_column vc_column_container\"><div class=\"vc_column-inner\"><div class=\"wpb_text_column\"><div class=\"wpb_wrapper\"><h3>Impresszum<\/h3>\n<\/div><\/div><\/div><\/div><\/div><\/div><\/section><section class=\"l-section wpb_row height_custom\"><div class=\"l-section-h i-cf\"><div class=\"g-cols vc_row via_grid cols_1 laptops-cols_inherit tablets-cols_inherit mobiles-cols_1 valign_top type_default stacking_default\"><div class=\"wpb_column vc_column_container\"><div class=\"vc_column-inner\"><div class=\"wpb_text_column\"><div class=\"wpb_wrapper\"><p>A weboldalt \u00fczemelteti:<br \/>\nSz\u00e9khely:<br \/>\nAd\u00f3sz\u00e1m:<br \/>\nEmail c\u00edm:<br \/>\nTelefon:<br \/>\nFax:<br \/>\nBanksz\u00e1mlasz\u00e1m:<\/p>\n<p>A t\u00e1rhelyet biztos\u00edtja:<br \/>\nSz\u00e9khely:<br \/>\nAd\u00f3sz\u00e1m:<br \/>\nC\u00e9gjegyz\u00e9ksz\u00e1m:<br \/>\nAlap\u00edt\u00e1s d\u00e1tuma:<br \/>\nTE\u00c1OR:<br \/>\nA szolg\u00e1ltat\u00f3t nyilv\u00e1ntart\u00e1sba vev\u0151 hat\u00f3s\u00e1g:<\/p>\n<\/div><\/div><\/div><\/div><\/div><\/div><\/section>\n","protected":false},"excerpt":{"rendered":"Impresszum A weboldalt \u00fczemelteti: Sz\u00e9khely: Ad\u00f3sz\u00e1m: Email c\u00edm: Telefon: Fax: Banksz\u00e1mlasz\u00e1m: A t\u00e1rhelyet biztos\u00edtja: Sz\u00e9khely: Ad\u00f3sz\u00e1m: C\u00e9gjegyz\u00e9ksz\u00e1m: Alap\u00edt\u00e1s d\u00e1tuma: TE\u00c1OR: A szolg\u00e1ltat\u00f3t nyilv\u00e1ntart\u00e1sba vev\u0151 hat\u00f3s\u00e1g:","protected":false},"author":1,"featured_media":0,"parent":0,"menu_order":0,"comment_status":"closed","ping_status":"closed","template":"","meta":{"_acf_changed":false,"footnotes":""},"class_list":["post-5066","page","type-page","status-publish","hentry"],"acf":[],"yoast_head":"<!-- This site is optimized with the Yoast SEO Premium plugin v27.2 (Yoast SEO v27.2) - https:\/\/yoast.com\/product\/yoast-seo-premium-wordpress\/ -->\n<title>Impresszum - The Rusty Potatoes<\/title>\n<meta name=\"robots\" content=\"index, follow, max-snippet:-1, max-image-preview:large, max-video-preview:-1\" \/>\n<link rel=\"canonical\" href=\"https:\/\/therustypotatoes.com\/hu\/impresszum\/\" \/>\n<meta property=\"og:locale\" content=\"hu_HU\" \/>\n<meta property=\"og:type\" content=\"article\" \/>\n<meta property=\"og:title\" content=\"Impresszum\" \/>\n<meta property=\"og:url\" content=\"https:\/\/therustypotatoes.com\/hu\/impresszum\/\" \/>\n<meta property=\"og:site_name\" content=\"The Rusty Potatoes\" \/>\n<meta property=\"article:publisher\" content=\"https:\/\/www.facebook.com\/therustypotatoes\" \/>\n<meta name=\"twitter:card\" content=\"summary_large_image\" \/>\n<meta name=\"twitter:label1\" content=\"Becs\u00fclt olvas\u00e1si id\u0151\" \/>\n\t<meta name=\"twitter:data1\" content=\"1 perc\" \/>\n<script type=\"application\/ld+json\" class=\"yoast-schema-graph\">{\"@context\":\"https:\/\/schema.org\",\"@graph\":[{\"@type\":\"WebPage\",\"@id\":\"https:\/\/therustypotatoes.com\/hu\/impresszum\/\",\"url\":\"https:\/\/therustypotatoes.com\/hu\/impresszum\/\",\"name\":\"Impresszum - The Rusty Potatoes\",\"isPartOf\":{\"@id\":\"https:\/\/therustypotatoes.com\/hu\/#website\"},\"datePublished\":\"2025-01-20T12:10:57+00:00\",\"breadcrumb\":{\"@id\":\"https:\/\/therustypotatoes.com\/hu\/impresszum\/#breadcrumb\"},\"inLanguage\":\"hu\",\"potentialAction\":[{\"@type\":\"ReadAction\",\"target\":[\"https:\/\/therustypotatoes.com\/hu\/impresszum\/\"]}]},{\"@type\":\"BreadcrumbList\",\"@id\":\"https:\/\/therustypotatoes.com\/hu\/impresszum\/#breadcrumb\",\"itemListElement\":[{\"@type\":\"ListItem\",\"position\":1,\"name\":\"Home\",\"item\":\"https:\/\/therustypotatoes.com\/hu\/\"},{\"@type\":\"ListItem\",\"position\":2,\"name\":\"Impresszum\"}]},{\"@type\":\"WebSite\",\"@id\":\"https:\/\/therustypotatoes.com\/hu\/#website\",\"url\":\"https:\/\/therustypotatoes.com\/hu\/\",\"name\":\"The Rusty Potatoes\",\"description\":\"\",\"publisher\":{\"@id\":\"https:\/\/therustypotatoes.com\/hu\/#organization\"},\"potentialAction\":[{\"@type\":\"SearchAction\",\"target\":{\"@type\":\"EntryPoint\",\"urlTemplate\":\"https:\/\/therustypotatoes.com\/hu\/?s={search_term_string}\"},\"query-input\":{\"@type\":\"PropertyValueSpecification\",\"valueRequired\":true,\"valueName\":\"search_term_string\"}}],\"inLanguage\":\"hu\"},{\"@type\":\"Organization\",\"@id\":\"https:\/\/therustypotatoes.com\/hu\/#organization\",\"name\":\"The Rusty Potatoes\",\"url\":\"https:\/\/therustypotatoes.com\/hu\/\",\"logo\":{\"@type\":\"ImageObject\",\"inLanguage\":\"hu\",\"@id\":\"https:\/\/therustypotatoes.com\/hu\/#\/schema\/logo\/image\/\",\"url\":\"https:\/\/therustypotatoes.com\/wp-content\/uploads\/2025\/01\/Asset-3-8.png\",\"contentUrl\":\"https:\/\/therustypotatoes.com\/wp-content\/uploads\/2025\/01\/Asset-3-8.png\",\"width\":491,\"height\":230,\"caption\":\"The Rusty Potatoes\"},\"image\":{\"@id\":\"https:\/\/therustypotatoes.com\/hu\/#\/schema\/logo\/image\/\"},\"sameAs\":[\"https:\/\/www.facebook.com\/therustypotatoes\",\"https:\/\/www.instagram.com\/therustypotatoes.ro\/\"]}]}<\/script>\n<!-- \/ Yoast SEO Premium plugin. -->","yoast_head_json":{"title":"Impresszum - The Rusty Potatoes","robots":{"index":"index","follow":"follow","max-snippet":"max-snippet:-1","max-image-preview":"max-image-preview:large","max-video-preview":"max-video-preview:-1"},"canonical":"https:\/\/therustypotatoes.com\/hu\/impresszum\/","og_locale":"hu_HU","og_type":"article","og_title":"Impresszum","og_url":"https:\/\/therustypotatoes.com\/hu\/impresszum\/","og_site_name":"The Rusty Potatoes","article_publisher":"https:\/\/www.facebook.com\/therustypotatoes","twitter_card":"summary_large_image","twitter_misc":{"Becs\u00fclt olvas\u00e1si id\u0151":"1 perc"},"schema":{"@context":"https:\/\/schema.org","@graph":[{"@type":"WebPage","@id":"https:\/\/therustypotatoes.com\/hu\/impresszum\/","url":"https:\/\/therustypotatoes.com\/hu\/impresszum\/","name":"Impresszum - The Rusty Potatoes","isPartOf":{"@id":"https:\/\/therustypotatoes.com\/hu\/#website"},"datePublished":"2025-01-20T12:10:57+00:00","breadcrumb":{"@id":"https:\/\/therustypotatoes.com\/hu\/impresszum\/#breadcrumb"},"inLanguage":"hu","potentialAction":[{"@type":"ReadAction","target":["https:\/\/therustypotatoes.com\/hu\/impresszum\/"]}]},{"@type":"BreadcrumbList","@id":"https:\/\/therustypotatoes.com\/hu\/impresszum\/#breadcrumb","itemListElement":[{"@type":"ListItem","position":1,"name":"Home","item":"https:\/\/therustypotatoes.com\/hu\/"},{"@type":"ListItem","position":2,"name":"Impresszum"}]},{"@type":"WebSite","@id":"https:\/\/therustypotatoes.com\/hu\/#website","url":"https:\/\/therustypotatoes.com\/hu\/","name":"The Rusty Potatoes","description":"","publisher":{"@id":"https:\/\/therustypotatoes.com\/hu\/#organization"},"potentialAction":[{"@type":"SearchAction","target":{"@type":"EntryPoint","urlTemplate":"https:\/\/therustypotatoes.com\/hu\/?s={search_term_string}"},"query-input":{"@type":"PropertyValueSpecification","valueRequired":true,"valueName":"search_term_string"}}],"inLanguage":"hu"},{"@type":"Organization","@id":"https:\/\/therustypotatoes.com\/hu\/#organization","name":"The Rusty Potatoes","url":"https:\/\/therustypotatoes.com\/hu\/","logo":{"@type":"ImageObject","inLanguage":"hu","@id":"https:\/\/therustypotatoes.com\/hu\/#\/schema\/logo\/image\/","url":"https:\/\/therustypotatoes.com\/wp-content\/uploads\/2025\/01\/Asset-3-8.png","contentUrl":"https:\/\/therustypotatoes.com\/wp-content\/uploads\/2025\/01\/Asset-3-8.png","width":491,"height":230,"caption":"The Rusty Potatoes"},"image":{"@id":"https:\/\/therustypotatoes.com\/hu\/#\/schema\/logo\/image\/"},"sameAs":["https:\/\/www.facebook.com\/therustypotatoes","https:\/\/www.instagram.com\/therustypotatoes.ro\/"]}]}},"_links":{"self":[{"href":"https:\/\/therustypotatoes.com\/hu\/wp-json\/wp\/v2\/pages\/5066","targetHints":{"allow":["GET"]}}],"collection":[{"href":"https:\/\/therustypotatoes.com\/hu\/wp-json\/wp\/v2\/pages"}],"about":[{"href":"https:\/\/therustypotatoes.com\/hu\/wp-json\/wp\/v2\/types\/page"}],"author":[{"embeddable":true,"href":"https:\/\/therustypotatoes.com\/hu\/wp-json\/wp\/v2\/users\/1"}],"replies":[{"embeddable":true,"href":"https:\/\/therustypotatoes.com\/hu\/wp-json\/wp\/v2\/comments?post=5066"}],"version-history":[{"count":3,"href":"https:\/\/therustypotatoes.com\/hu\/wp-json\/wp\/v2\/pages\/5066\/revisions"}],"predecessor-version":[{"id":5070,"href":"https:\/\/therustypotatoes.com\/hu\/wp-json\/wp\/v2\/pages\/5066\/revisions\/5070"}],"wp:attachment":[{"href":"https:\/\/therustypotatoes.com\/hu\/wp-json\/wp\/v2\/media?parent=5066"}],"curies":[{"name":"wp","href":"https:\/\/api.w.org\/{rel}","templated":true}]}}