{"id":16114,"date":"2026-04-29T11:42:11","date_gmt":"2026-04-29T10:42:11","guid":{"rendered":"https:\/\/therustypotatoes.com\/?post_type=product&#038;p=16114"},"modified":"2026-04-30T08:29:07","modified_gmt":"2026-04-30T07:29:07","slug":"steakhouse-fries","status":"publish","type":"product","link":"https:\/\/therustypotatoes.com\/hu\/termek\/steakhouse-fries\/","title":{"rendered":"Steakhouse"},"content":{"rendered":"<section class=\"l-section wpb_row height_custom\"><div class=\"l-section-h i-cf\"><div class=\"g-cols vc_row via_grid cols_1 laptops-cols_inherit tablets-cols_inherit mobiles-cols_1 valign_top type_default stacking_default\"><div class=\"wpb_column vc_column_container\"><div class=\"vc_column-inner\"><div class=\"wpb_text_column\"><div class=\"wpb_wrapper\"><p>El\u0151s\u00fct\u00f6tt, gyorsfagyasztott, f\u00e9lk\u00e9sz steakhouse has\u00e1bburgonya<\/p>\n<p>T\u00f6k\u00e9letes v\u00e1laszt\u00e1s szaftos steakek, grillh\u00fasok \u00e9s hamburgerek mell\u00e9.<\/p>\n<\/div><\/div><\/div><\/div><\/div><\/div><\/section>\n","protected":false},"excerpt":{"rendered":"El\u0151s\u00fct\u00f6tt, gyorsfagyasztott, f\u00e9lk\u00e9sz steakhouse has\u00e1bburgonya T\u00f6k\u00e9letes v\u00e1laszt\u00e1s szaftos steakek, grillh\u00fasok \u00e9s hamburgerek mell\u00e9.","protected":false},"featured_media":16183,"comment_status":"open","ping_status":"closed","template":"","meta":{"_acf_changed":false},"product_brand":[],"product_cat":[90],"product_tag":[],"class_list":{"0":"post-16114","1":"product","2":"type-product","3":"status-publish","4":"has-post-thumbnail","6":"product_cat-fagyasztott-hasabburgonyak","7":"pa_valtozat-steak-burgonya","9":"first","10":"instock","11":"shipping-taxable","12":"purchasable","13":"product-type-variable","14":"has-default-attributes"},"acf":[],"yoast_head":"<!-- This site is optimized with the Yoast SEO Premium plugin v27.2 (Yoast SEO v27.2) - https:\/\/yoast.com\/product\/yoast-seo-premium-wordpress\/ -->\n<title>Steakhouse - Ha igaz\u00e1n finomra v\u00e1gysz | The Rusty Potatoes<\/title>\n<meta name=\"description\" content=\"El\u0151s\u00fct\u00f6tt, gyorsfagyasztott, f\u00e9lk\u00e9sz steakhouse has\u00e1bburgonya. T\u00f6k\u00e9letes v\u00e1laszt\u00e1s szaftos steakek, grillh\u00fasok \u00e9s hamburgerek mell\u00e9.\" \/>\n<meta name=\"robots\" content=\"index, follow, max-snippet:-1, max-image-preview:large, max-video-preview:-1\" \/>\n<link rel=\"canonical\" href=\"https:\/\/therustypotatoes.com\/hu\/termek\/steakhouse-fries\/\" \/>\n<meta property=\"og:locale\" content=\"hu_HU\" \/>\n<meta property=\"og:type\" content=\"article\" \/>\n<meta property=\"og:title\" content=\"Steakhouse\" \/>\n<meta property=\"og:description\" content=\"El\u0151s\u00fct\u00f6tt, gyorsfagyasztott, f\u00e9lk\u00e9sz steakhouse has\u00e1bburgonya. T\u00f6k\u00e9letes v\u00e1laszt\u00e1s szaftos steakek, grillh\u00fasok \u00e9s hamburgerek mell\u00e9.\" \/>\n<meta property=\"og:url\" content=\"https:\/\/therustypotatoes.com\/hu\/termek\/steakhouse-fries\/\" \/>\n<meta property=\"og:site_name\" content=\"The Rusty Potatoes\" \/>\n<meta property=\"article:publisher\" content=\"https:\/\/www.facebook.com\/therustypotatoes\" \/>\n<meta property=\"article:modified_time\" content=\"2026-04-30T07:29:07+00:00\" \/>\n<meta property=\"og:image\" content=\"https:\/\/therustypotatoes.com\/wp-content\/uploads\/2026\/04\/Rusty-Steakhouse-Fries-2.jpg\" \/>\n\t<meta property=\"og:image:width\" content=\"1080\" \/>\n\t<meta property=\"og:image:height\" content=\"1350\" \/>\n\t<meta property=\"og:image:type\" content=\"image\/jpeg\" \/>\n<meta name=\"twitter:card\" content=\"summary_large_image\" \/>\n<meta name=\"twitter:label1\" content=\"El\u00e9rhet\u0151s\u00e9g\" \/>\n\t<meta name=\"twitter:data1\" content=\"K\u00e9szleten\" \/>\n<script type=\"application\/ld+json\" class=\"yoast-schema-graph\">{\"@context\":\"https:\/\/schema.org\",\"@graph\":[{\"@type\":\"WebPage\",\"@id\":\"https:\/\/therustypotatoes.com\/hu\/termek\/steakhouse-fries\/\",\"url\":\"https:\/\/therustypotatoes.com\/hu\/termek\/steakhouse-fries\/\",\"name\":\"Steakhouse - Ha igaz\u00e1n finomra v\u00e1gysz | The Rusty Potatoes\",\"isPartOf\":{\"@id\":\"https:\/\/therustypotatoes.com\/hu\/#website\"},\"primaryImageOfPage\":{\"@id\":\"https:\/\/therustypotatoes.com\/hu\/termek\/steakhouse-fries\/#primaryimage\"},\"image\":{\"@id\":\"https:\/\/therustypotatoes.com\/hu\/termek\/steakhouse-fries\/#primaryimage\"},\"thumbnailUrl\":\"https:\/\/therustypotatoes.com\/wp-content\/uploads\/2026\/04\/Rusty-Steakhouse-Fries-2.jpg\",\"datePublished\":\"2026-04-29T10:42:11+00:00\",\"dateModified\":\"2026-04-30T07:29:07+00:00\",\"description\":\"El\u0151s\u00fct\u00f6tt, gyorsfagyasztott, f\u00e9lk\u00e9sz steakhouse has\u00e1bburgonya. T\u00f6k\u00e9letes v\u00e1laszt\u00e1s szaftos steakek, grillh\u00fasok \u00e9s hamburgerek mell\u00e9.\",\"breadcrumb\":{\"@id\":\"https:\/\/therustypotatoes.com\/hu\/termek\/steakhouse-fries\/#breadcrumb\"},\"inLanguage\":\"hu\",\"potentialAction\":[{\"@type\":\"ReadAction\",\"target\":[\"https:\/\/therustypotatoes.com\/hu\/termek\/steakhouse-fries\/\"]}]},{\"@type\":\"ImageObject\",\"inLanguage\":\"hu\",\"@id\":\"https:\/\/therustypotatoes.com\/hu\/termek\/steakhouse-fries\/#primaryimage\",\"url\":\"https:\/\/therustypotatoes.com\/wp-content\/uploads\/2026\/04\/Rusty-Steakhouse-Fries-2.jpg\",\"contentUrl\":\"https:\/\/therustypotatoes.com\/wp-content\/uploads\/2026\/04\/Rusty-Steakhouse-Fries-2.jpg\",\"width\":1080,\"height\":1350},{\"@type\":\"BreadcrumbList\",\"@id\":\"https:\/\/therustypotatoes.com\/hu\/termek\/steakhouse-fries\/#breadcrumb\",\"itemListElement\":[{\"@type\":\"ListItem\",\"position\":1,\"name\":\"Home\",\"item\":\"https:\/\/therustypotatoes.com\/hu\/\"},{\"@type\":\"ListItem\",\"position\":2,\"name\":\"Term\u00e9kek\",\"item\":\"https:\/\/therustypotatoes.com\/termekek\/\"},{\"@type\":\"ListItem\",\"position\":3,\"name\":\"Steakhouse\"}]},{\"@type\":\"WebSite\",\"@id\":\"https:\/\/therustypotatoes.com\/hu\/#website\",\"url\":\"https:\/\/therustypotatoes.com\/hu\/\",\"name\":\"The Rusty Potatoes\",\"description\":\"\",\"publisher\":{\"@id\":\"https:\/\/therustypotatoes.com\/hu\/#organization\"},\"potentialAction\":[{\"@type\":\"SearchAction\",\"target\":{\"@type\":\"EntryPoint\",\"urlTemplate\":\"https:\/\/therustypotatoes.com\/hu\/?s={search_term_string}\"},\"query-input\":{\"@type\":\"PropertyValueSpecification\",\"valueRequired\":true,\"valueName\":\"search_term_string\"}}],\"inLanguage\":\"hu\"},{\"@type\":\"Organization\",\"@id\":\"https:\/\/therustypotatoes.com\/hu\/#organization\",\"name\":\"The Rusty Potatoes\",\"url\":\"https:\/\/therustypotatoes.com\/hu\/\",\"logo\":{\"@type\":\"ImageObject\",\"inLanguage\":\"hu\",\"@id\":\"https:\/\/therustypotatoes.com\/hu\/#\/schema\/logo\/image\/\",\"url\":\"https:\/\/therustypotatoes.com\/wp-content\/uploads\/2025\/01\/Asset-3-8.png\",\"contentUrl\":\"https:\/\/therustypotatoes.com\/wp-content\/uploads\/2025\/01\/Asset-3-8.png\",\"width\":491,\"height\":230,\"caption\":\"The Rusty Potatoes\"},\"image\":{\"@id\":\"https:\/\/therustypotatoes.com\/hu\/#\/schema\/logo\/image\/\"},\"sameAs\":[\"https:\/\/www.facebook.com\/therustypotatoes\",\"https:\/\/www.instagram.com\/therustypotatoes.ro\/\"]}]}<\/script>\n<meta property=\"og:availability\" content=\"instock\" \/>\n<meta property=\"product:availability\" content=\"instock\" \/>\n<meta property=\"product:condition\" content=\"new\" \/>\n<!-- \/ Yoast SEO Premium plugin. -->","yoast_head_json":{"title":"Steakhouse - Ha igaz\u00e1n finomra v\u00e1gysz | The Rusty Potatoes","description":"El\u0151s\u00fct\u00f6tt, gyorsfagyasztott, f\u00e9lk\u00e9sz steakhouse has\u00e1bburgonya. T\u00f6k\u00e9letes v\u00e1laszt\u00e1s szaftos steakek, grillh\u00fasok \u00e9s hamburgerek mell\u00e9.","robots":{"index":"index","follow":"follow","max-snippet":"max-snippet:-1","max-image-preview":"max-image-preview:large","max-video-preview":"max-video-preview:-1"},"canonical":"https:\/\/therustypotatoes.com\/hu\/termek\/steakhouse-fries\/","og_locale":"hu_HU","og_type":"article","og_title":"Steakhouse","og_description":"El\u0151s\u00fct\u00f6tt, gyorsfagyasztott, f\u00e9lk\u00e9sz steakhouse has\u00e1bburgonya. T\u00f6k\u00e9letes v\u00e1laszt\u00e1s szaftos steakek, grillh\u00fasok \u00e9s hamburgerek mell\u00e9.","og_url":"https:\/\/therustypotatoes.com\/hu\/termek\/steakhouse-fries\/","og_site_name":"The Rusty Potatoes","article_publisher":"https:\/\/www.facebook.com\/therustypotatoes","article_modified_time":"2026-04-30T07:29:07+00:00","og_image":[{"width":1080,"height":1350,"url":"https:\/\/therustypotatoes.com\/wp-content\/uploads\/2026\/04\/Rusty-Steakhouse-Fries-2.jpg","type":"image\/jpeg"}],"twitter_card":"summary_large_image","twitter_misc":{"El\u00e9rhet\u0151s\u00e9g":"K\u00e9szleten"},"schema":{"@context":"https:\/\/schema.org","@graph":[{"@type":"WebPage","@id":"https:\/\/therustypotatoes.com\/hu\/termek\/steakhouse-fries\/","url":"https:\/\/therustypotatoes.com\/hu\/termek\/steakhouse-fries\/","name":"Steakhouse - Ha igaz\u00e1n finomra v\u00e1gysz | The Rusty Potatoes","isPartOf":{"@id":"https:\/\/therustypotatoes.com\/hu\/#website"},"primaryImageOfPage":{"@id":"https:\/\/therustypotatoes.com\/hu\/termek\/steakhouse-fries\/#primaryimage"},"image":{"@id":"https:\/\/therustypotatoes.com\/hu\/termek\/steakhouse-fries\/#primaryimage"},"thumbnailUrl":"https:\/\/therustypotatoes.com\/wp-content\/uploads\/2026\/04\/Rusty-Steakhouse-Fries-2.jpg","datePublished":"2026-04-29T10:42:11+00:00","dateModified":"2026-04-30T07:29:07+00:00","description":"El\u0151s\u00fct\u00f6tt, gyorsfagyasztott, f\u00e9lk\u00e9sz steakhouse has\u00e1bburgonya. T\u00f6k\u00e9letes v\u00e1laszt\u00e1s szaftos steakek, grillh\u00fasok \u00e9s hamburgerek mell\u00e9.","breadcrumb":{"@id":"https:\/\/therustypotatoes.com\/hu\/termek\/steakhouse-fries\/#breadcrumb"},"inLanguage":"hu","potentialAction":[{"@type":"ReadAction","target":["https:\/\/therustypotatoes.com\/hu\/termek\/steakhouse-fries\/"]}]},{"@type":"ImageObject","inLanguage":"hu","@id":"https:\/\/therustypotatoes.com\/hu\/termek\/steakhouse-fries\/#primaryimage","url":"https:\/\/therustypotatoes.com\/wp-content\/uploads\/2026\/04\/Rusty-Steakhouse-Fries-2.jpg","contentUrl":"https:\/\/therustypotatoes.com\/wp-content\/uploads\/2026\/04\/Rusty-Steakhouse-Fries-2.jpg","width":1080,"height":1350},{"@type":"BreadcrumbList","@id":"https:\/\/therustypotatoes.com\/hu\/termek\/steakhouse-fries\/#breadcrumb","itemListElement":[{"@type":"ListItem","position":1,"name":"Home","item":"https:\/\/therustypotatoes.com\/hu\/"},{"@type":"ListItem","position":2,"name":"Term\u00e9kek","item":"https:\/\/therustypotatoes.com\/termekek\/"},{"@type":"ListItem","position":3,"name":"Steakhouse"}]},{"@type":"WebSite","@id":"https:\/\/therustypotatoes.com\/hu\/#website","url":"https:\/\/therustypotatoes.com\/hu\/","name":"The Rusty Potatoes","description":"","publisher":{"@id":"https:\/\/therustypotatoes.com\/hu\/#organization"},"potentialAction":[{"@type":"SearchAction","target":{"@type":"EntryPoint","urlTemplate":"https:\/\/therustypotatoes.com\/hu\/?s={search_term_string}"},"query-input":{"@type":"PropertyValueSpecification","valueRequired":true,"valueName":"search_term_string"}}],"inLanguage":"hu"},{"@type":"Organization","@id":"https:\/\/therustypotatoes.com\/hu\/#organization","name":"The Rusty Potatoes","url":"https:\/\/therustypotatoes.com\/hu\/","logo":{"@type":"ImageObject","inLanguage":"hu","@id":"https:\/\/therustypotatoes.com\/hu\/#\/schema\/logo\/image\/","url":"https:\/\/therustypotatoes.com\/wp-content\/uploads\/2025\/01\/Asset-3-8.png","contentUrl":"https:\/\/therustypotatoes.com\/wp-content\/uploads\/2025\/01\/Asset-3-8.png","width":491,"height":230,"caption":"The Rusty Potatoes"},"image":{"@id":"https:\/\/therustypotatoes.com\/hu\/#\/schema\/logo\/image\/"},"sameAs":["https:\/\/www.facebook.com\/therustypotatoes","https:\/\/www.instagram.com\/therustypotatoes.ro\/"]}]},"og_availability":"instock","product_availability":"instock","product_condition":"new"},"_links":{"self":[{"href":"https:\/\/therustypotatoes.com\/hu\/wp-json\/wp\/v2\/product\/16114","targetHints":{"allow":["GET"]}}],"collection":[{"href":"https:\/\/therustypotatoes.com\/hu\/wp-json\/wp\/v2\/product"}],"about":[{"href":"https:\/\/therustypotatoes.com\/hu\/wp-json\/wp\/v2\/types\/product"}],"replies":[{"embeddable":true,"href":"https:\/\/therustypotatoes.com\/hu\/wp-json\/wp\/v2\/comments?post=16114"}],"wp:featuredmedia":[{"embeddable":true,"href":"https:\/\/therustypotatoes.com\/hu\/wp-json\/wp\/v2\/media\/16183"}],"wp:attachment":[{"href":"https:\/\/therustypotatoes.com\/hu\/wp-json\/wp\/v2\/media?parent=16114"}],"wp:term":[{"taxonomy":"product_brand","embeddable":true,"href":"https:\/\/therustypotatoes.com\/hu\/wp-json\/wp\/v2\/product_brand?post=16114"},{"taxonomy":"product_cat","embeddable":true,"href":"https:\/\/therustypotatoes.com\/hu\/wp-json\/wp\/v2\/product_cat?post=16114"},{"taxonomy":"product_tag","embeddable":true,"href":"https:\/\/therustypotatoes.com\/hu\/wp-json\/wp\/v2\/product_tag?post=16114"}],"curies":[{"name":"wp","href":"https:\/\/api.w.org\/{rel}","templated":true}]}}